{"id":1527,"date":"2015-07-11T23:03:02","date_gmt":"2015-07-11T22:03:02","guid":{"rendered":"http:\/\/elcerrojotapas.es\/?page_id=1527"},"modified":"2020-11-07T11:35:41","modified_gmt":"2020-11-07T10:35:41","slug":"index01","status":"publish","type":"page","link":"https:\/\/elcerrojotapas.es\/index.php\/index01\/","title":{"rendered":"index"},"content":{"rendered":"<div class=\"wpb-content-wrapper\"><p>[vc_row box_padding=&#8221;padding-100&#8243; extra_css=&#8221;welcome-block&#8221;][vc_column offset=&#8221;vc_col-md-4&#8243;][vc_single_image image=&#8221;5545&#8243; img_size=&#8221;full&#8221; alignment=&#8221;center&#8221; el_class=&#8221;img-responsive&#8221;][\/vc_column][vc_column text_align=&#8221;text-center&#8221; offset=&#8221;vc_col-md-4&#8243;][vc_add_heading icon_type=&#8221;iconmoon&#8221; icon=&#8221;icon-intro&#8221; title=&#8221;NUESTRA COCINA&#8221; subtitle=&#8221;Bienvenidos al El Cerrojo Tapas&#8221;][vc_column_text]El Cerrojo Tapas no es un restaurante al caso, sino que es un bar de tapas propiamente dicho, donde podr\u00e1s degustar y saborear tapas con una elaboraci\u00f3n especial y con una muy cuidada presentaci\u00f3n.<\/p>\n<p><a class=\"btn btn-gold dark welcome-m-b\" href=\"#\">LEER MAS<\/a>[\/vc_column_text][\/vc_column][vc_column offset=&#8221;vc_col-md-4&#8243;][vc_single_image image=&#8221;5533&#8243; img_size=&#8221;full&#8221; alignment=&#8221;center&#8221; el_class=&#8221;img-responsive&#8221;][\/vc_column][\/vc_row][vc_row box_padding=&#8221;padding-100&#8243; theme_color=&#8221;dark&#8221; overlay=&#8221;transparent-bg-3&#8243; extra_css=&#8221;discover&#8221; parallax=&#8221;image&#8221; parallax_image=&#8221;5535&#8243;][vc_column text_align=&#8221;text-center&#8221;][vc_column_text]<\/p>\n<h2>CREAMOS RECUERDOS DELICIOSOS<\/h2>\n<p class=\"text-uppercase\">Son siempre nuestros clientes los que nos marcan el camino a seguir.<\/p>\n<p><a class=\"btn btn-gold white\" href=\"#\">DESCUBRE \u00a0MAS<\/a>[\/vc_column_text][\/vc_column][\/vc_row][vc_row box_padding=&#8221;padding-100&#8243;][vc_column width=&#8221;1\/3&#8243;][vc_overlay_box title=&#8221;AMBIENTE FAMILIAR&#8221; image=&#8221;5543&#8243;]Si\u00e9ntase Como En Su Casa[\/vc_overlay_box][\/vc_column][vc_column width=&#8221;1\/3&#8243;][vc_overlay_box title=&#8221;TODOS LOS DIAS&#8221; image=&#8221;5546&#8243;]Abrimos[\/vc_overlay_box][\/vc_column][vc_column width=&#8221;1\/3&#8243;][vc_overlay_box title=&#8221;PLATOS VEGANOS&#8221; image=&#8221;5550&#8243;]Ofrecemos la posibilidad de adaptar ciertos platos[\/vc_overlay_box][\/vc_column][\/vc_row][vc_row box_padding=&#8221;padding-100&#8243; theme_color=&#8221;dark&#8221; overlay=&#8221;transparent-bg-3&#8243; parallax=&#8221;image&#8221; parallax_image=&#8221;5553&#8243;][vc_column][vc_add_heading title=&#8221;CONTACTO&#8221; subtitle=&#8221;Necesita informaci\u00f3n, contactenos&#8221;]\n<div class=\"wpcf7 no-js\" id=\"wpcf7-f1814-o1\" lang=\"en-US\" dir=\"ltr\" data-wpcf7-id=\"1814\">\n<div class=\"screen-reader-response\"><p role=\"status\" aria-live=\"polite\" aria-atomic=\"true\"><\/p> <ul><\/ul><\/div>\n<form action=\"\/index.php\/wp-json\/wp\/v2\/pages\/1527#wpcf7-f1814-o1\" method=\"post\" class=\"wpcf7-form init\" aria-label=\"Contact form\" novalidate=\"novalidate\" data-status=\"init\">\n<fieldset class=\"hidden-fields-container\"><input type=\"hidden\" name=\"_wpcf7\" value=\"1814\" \/><input type=\"hidden\" name=\"_wpcf7_version\" value=\"6.1.5\" \/><input type=\"hidden\" name=\"_wpcf7_locale\" value=\"en_US\" \/><input type=\"hidden\" name=\"_wpcf7_unit_tag\" value=\"wpcf7-f1814-o1\" \/><input type=\"hidden\" name=\"_wpcf7_container_post\" value=\"0\" \/><input type=\"hidden\" name=\"_wpcf7_posted_data_hash\" value=\"\" \/>\n<\/fieldset>\n<div class=\"contact-form clearfix contact-page\">\n\t<div class=\"form-group\">\n\t\t<div class=\"col-md-4 col-sm-4 col-sx-12\">\n\t\t\t<p><span class=\"wpcf7-form-control-wrap\" data-name=\"name\"><input size=\"40\" maxlength=\"400\" class=\"wpcf7-form-control wpcf7-text wpcf7-validates-as-required form-control text\" aria-required=\"true\" aria-invalid=\"false\" placeholder=\"NAME *\" value=\"\" type=\"text\" name=\"name\" \/><\/span>\n\t\t\t<\/p>\n\t\t<\/div>\n\t\t<div class=\"col-md-4 col-sm-4 col-sx-12\">\n\t\t\t<p><span class=\"wpcf7-form-control-wrap\" data-name=\"email\"><input size=\"40\" maxlength=\"400\" class=\"wpcf7-form-control wpcf7-email wpcf7-validates-as-required wpcf7-text wpcf7-validates-as-email form-control text\" aria-required=\"true\" aria-invalid=\"false\" placeholder=\"EMAIL *\" value=\"\" type=\"email\" name=\"email\" \/><\/span>\n\t\t\t<\/p>\n\t\t<\/div>\n\t\t<div class=\"col-md-4 col-sm-4 col-sx-12\">\n\t\t\t<p><span class=\"wpcf7-form-control-wrap\" data-name=\"subject\"><input size=\"40\" maxlength=\"400\" class=\"wpcf7-form-control wpcf7-text form-control text\" aria-invalid=\"false\" placeholder=\"SUBJECT *\" value=\"\" type=\"text\" name=\"subject\" \/><\/span>\n\t\t\t<\/p>\n\t\t<\/div>\n\t<\/div>\n\t<div class=\"col-md-12\">\n\t\t<div class=\"form-group\">\n\t\t\t<div class=\"element\">\n\t\t\t\t<p><span class=\"wpcf7-form-control-wrap\" data-name=\"message\"><textarea cols=\"40\" rows=\"10\" maxlength=\"2000\" class=\"wpcf7-form-control wpcf7-textarea wpcf7-validates-as-required text textarea\" aria-required=\"true\" aria-invalid=\"false\" placeholder=\"MESSAGE *\" name=\"message\"><\/textarea><\/span>\n\t\t\t\t<\/p>\n\t\t\t<\/div>\n\t\t<\/div>\n\t<\/div>\n\t<div class=\"col-md-12\">\n\t\t<p><input class=\"wpcf7-form-control wpcf7-submit has-spinner btn btn-black\" type=\"submit\" value=\"Send\" \/>\n\t\t<\/p>\n\t<\/div>\n<\/div><p style=\"display: none !important;\" class=\"akismet-fields-container\" data-prefix=\"_wpcf7_ak_\"><label>&#916;<textarea name=\"_wpcf7_ak_hp_textarea\" cols=\"45\" rows=\"8\" maxlength=\"100\"><\/textarea><\/label><input type=\"hidden\" id=\"ak_js_1\" name=\"_wpcf7_ak_js\" value=\"44\"\/><script type=\"text\/javascript\">\n\/* <![CDATA[ *\/\ndocument.getElementById( \"ak_js_1\" ).setAttribute( \"value\", ( new Date() ).getTime() );\n\/* ]]> *\/\n<\/script>\n<\/p><div class=\"wpcf7-response-output\" aria-hidden=\"true\"><\/div>\n<\/form>\n<\/div>\n[\/vc_column][\/vc_row][vc_row box_padding=&#8221;padding-100&#8243;][vc_column extra_css=&#8221;nopadding&#8221;][vc_add_heading icon_type=&#8221;iconmoon&#8221; icon=&#8221;icon-intro&#8221; title=&#8221;NUESTRA COCINA&#8221; subtitle=&#8221;Una muestra de nuestros platos&#8221;][vc_masonry_media_grid style=&#8221;lazy&#8221; initial_loading_animation=&#8221;fadeIn&#8221; grid_id=&#8221;vc_gid:1604745286939-76405aaf-d805-1&#8243; include=&#8221;5783,5567,5785,5678,5571,5573,5574,5603,5575,5784&#8243;][vc_column_text]<\/p>\n<p>[\/vc_column_text][vc_column_text]<\/p>\n<p style=\"text-align: right;\">Fotograf\u00edas cedidas por JVZ<\/p>\n<p>[\/vc_column_text][\/vc_column][\/vc_row][vc_row][vc_column][vc_column_text]<br \/>\n[\/vc_column_text][\/vc_column][\/vc_row][vc_row box_padding=&#8221;padding-100&#8243; theme_color=&#8221;dark&#8221; overlay=&#8221;transparent-bg-3&#8243; extra_css=&#8221;discover&#8221; parallax=&#8221;image&#8221; parallax_image=&#8221;5537&#8243;][vc_column text_align=&#8221;text-center&#8221;][vc_column_text]<\/p>\n<h2>SHOWCOOKING<\/h2>\n<p class=\"text-uppercase\">Estamos especializados en la organizaci\u00f3n de Showcookings donde mostramos como se elaboran nuestros platos paso a paso.<\/p>\n<p><a class=\"btn btn-gold white\" href=\"#\">DESCUBRE \u00a0MAS<\/a>[\/vc_column_text][\/vc_column][\/vc_row][vc_row][vc_column][vc_column_text]<br \/>\n[\/vc_column_text][\/vc_column][\/vc_row][vc_row box_padding=&#8221;padding-100&#8243;][vc_column extra_css=&#8221;nopadding&#8221;][vc_add_heading icon_type=&#8221;iconmoon&#8221; icon=&#8221;icon-intro&#8221; title=&#8221;ULTIMAS NOTICIAS&#8221; subtitle=&#8221;Estar al d\u00eda&#8221;][vc_custom_blog_grid category=&#8221;-1&#8243; num=&#8221;3&#8243; display_excerpt=&#8221;yes&#8221; ex_lengs=&#8221;16&#8243;][\/vc_column][\/vc_row][vc_row][vc_column][vc_column_text]<br \/>\n[\/vc_column_text][\/vc_column][\/vc_row][vc_row full_height=&#8221;yes&#8221; box_padding=&#8221;no-padding&#8221; theme_color=&#8221;gray-bg&#8221; columns_placement=&#8221;stretch&#8221;][vc_column][vc_add_heading icon_type=&#8221;fontawesome&#8221; title=&#8221;D\u00f3nde Estamos&#8221; subtitle=&#8221;Puedes visitarnos en la calle Juan Limon Borrero de Alosno&#8221; iconawesome=&#8221;fa fa-map-marker&#8221;][vc_add_gmaps zoom=&#8221;18&#8243; title=&#8221;El Cerrojo Tapas&#8221; latlang=&#8221;37.5484393, -7.1164987&#8243; image=&#8221;5461&#8243;][\/vc_add_gmaps][\/vc_column][\/vc_row]<\/p>\n<\/div>","protected":false},"excerpt":{"rendered":"<p>[vc_row box_padding=&#8221;padding-100&#8243; extra_css=&#8221;welcome-block&#8221;][vc_column offset=&#8221;vc_col-md-4&#8243;][vc_single_image image=&#8221;5545&#8243; img_size=&#8221;full&#8221; alignment=&#8221;center&#8221; el_class=&#8221;img-responsive&#8221;][\/vc_column][vc_column text_align=&#8221;text-center&#8221; offset=&#8221;vc_col-md-4&#8243;][vc_add_heading icon_type=&#8221;iconmoon&#8221; icon=&#8221;icon-intro&#8221; title=&#8221;NUESTRA COCINA&#8221; subtitle=&#8221;Bienvenidos al El Cerrojo Tapas&#8221;][vc_column_text]El Cerrojo Tapas no es un restaurante al caso, sino que es un bar de tapas propiamente dicho, donde podr\u00e1s degustar y saborear tapas con una elaboraci\u00f3n especial y con una muy cuidada presentaci\u00f3n. LEER MAS[\/vc_column_text][\/vc_column][vc_column offset=&#8221;vc_col-md-4&#8243;][vc_single_image image=&#8221;5533&#8243; img_size=&#8221;full&#8221; alignment=&#8221;center&#8221; el_class=&#8221;img-responsive&#8221;][\/vc_column][\/vc_row][vc_row box_padding=&#8221;padding-100&#8243; theme_color=&#8221;dark&#8221; overlay=&#8221;transparent-bg-3&#8243; extra_css=&#8221;discover&#8221; parallax=&#8221;image&#8221; parallax_image=&#8221;5535&#8243;][vc_column text_align=&#8221;text-center&#8221;][vc_column_text] CREAMOS RECUERDOS DELICIOSOS Son siempre nuestros clientes los que&#8230;<\/p>\n","protected":false},"author":1,"featured_media":0,"parent":0,"menu_order":0,"comment_status":"open","ping_status":"closed","template":"redux-templates_contained","meta":{"footnotes":""},"class_list":["post-1527","page","type-page","status-publish","hentry"],"_links":{"self":[{"href":"https:\/\/elcerrojotapas.es\/index.php\/wp-json\/wp\/v2\/pages\/1527","targetHints":{"allow":["GET"]}}],"collection":[{"href":"https:\/\/elcerrojotapas.es\/index.php\/wp-json\/wp\/v2\/pages"}],"about":[{"href":"https:\/\/elcerrojotapas.es\/index.php\/wp-json\/wp\/v2\/types\/page"}],"author":[{"embeddable":true,"href":"https:\/\/elcerrojotapas.es\/index.php\/wp-json\/wp\/v2\/users\/1"}],"replies":[{"embeddable":true,"href":"https:\/\/elcerrojotapas.es\/index.php\/wp-json\/wp\/v2\/comments?post=1527"}],"version-history":[{"count":56,"href":"https:\/\/elcerrojotapas.es\/index.php\/wp-json\/wp\/v2\/pages\/1527\/revisions"}],"predecessor-version":[{"id":11660,"href":"https:\/\/elcerrojotapas.es\/index.php\/wp-json\/wp\/v2\/pages\/1527\/revisions\/11660"}],"wp:attachment":[{"href":"https:\/\/elcerrojotapas.es\/index.php\/wp-json\/wp\/v2\/media?parent=1527"}],"curies":[{"name":"wp","href":"https:\/\/api.w.org\/{rel}","templated":true}]}}