{"id":3814,"date":"2015-09-24T03:19:56","date_gmt":"2015-09-24T00:19:56","guid":{"rendered":"http:\/\/elcerrojotapas.es\/?page_id=3362"},"modified":"2026-04-12T10:13:22","modified_gmt":"2026-04-12T09:13:22","slug":"nuestra-carta","status":"publish","type":"page","link":"https:\/\/elcerrojotapas.es\/","title":{"rendered":"Nuestra Carta"},"content":{"rendered":"<div class=\"wpb-content-wrapper\"><p>[vc_row][vc_column][vc_add_heading icon_type=&#8221;iconmoon&#8221; icon=&#8221;icon-dinner&#8221; subtitle=&#8221;PREGUNTEN POR LA TAPA DEL D\u00cdA&#8221;][\/vc_column][\/vc_row][vc_row][vc_column][vc_menu_filter_container cats_title=&#8221;El Llano,El Mar,La Tierra,Ni\u00f1os&#8221; show_all_text=&#8221;Todo&#8221;][vc_single_menu_item_has_filter dotted=&#8221;true&#8221; desc=&#8221;Y VINO DE NARANJA<br \/>\n(sulfitos)&#8221; price=&#8221;8.50 \u20ac&#8221; featured_txt=&#8221;SUGERENCIA&#8221; featuredcolor=&#8221;red&#8221; title=&#8221;ARROZ CON SORPRESA IBERICA&#8221; el_class=&#8221;starter&#8221;][vc_single_menu_item_has_filter dotted=&#8221;true&#8221; desc=&#8221;CON GAMBONES, CHOCO Y ALIOLI DE MANGO<br \/>\n(sulfitos, pescado, crust\u00e1ceos, moluscos, frutos secos)&#8221; price=&#8221;8.50 \u20ac&#8221; featured_txt=&#8221;SUGERENCIA&#8221; featuredcolor=&#8221;red&#8221; title=&#8221;ARROZ NEGRO VENERE&#8221; el_class=&#8221;starter&#8221;][vc_single_menu_item_has_filter dotted=&#8221;true&#8221; desc=&#8221;(sulfitos, cereales)&#8221; price=&#8221;5.00 \u20ac&#8221; featured_txt=&#8221;NOVEDAD&#8221; title=&#8221;ALBONDIGAS CASERAS IB\u00c9RICAS&#8221; el_class=&#8221;starter&#8221;][vc_single_menu_item_has_filter dotted=&#8221;true&#8221; desc=&#8221;CON QUESO DE TETILLA, LONGANIZA Y PAPADA IB\u00c9RICA<br \/>\n(sulfitos, l\u00e1cteo, cereales)&#8221; price=&#8221;6.00 \u20ac&#8221; featured_txt=&#8221;NOVEDAD&#8221; title=&#8221;SERRANITO CA\u00d1ERO&#8221; el_class=&#8221;starter&#8221;][vc_single_menu_item_has_filter dotted=&#8221;true&#8221; desc=&#8221;CON CEBOLLA CRUJIENTE Y SALSA DE JALAPE\u00d1O<br \/>\n(sulfitos, l\u00e1cteo, cereales)&#8221; price=&#8221;5.50 \u20ac&#8221; featured_txt=&#8221;NOVEDAD&#8221; title=&#8221;CHORIZO CRIOLLO&#8221; el_class=&#8221;starter&#8221;][vc_single_menu_item_has_filter dotted=&#8221;true&#8221; desc=&#8221;CON SALSA CAFE PARIS Y CREMA DE CHAMPI\u00d1\u00d3N<br \/>\n(sulfitos, l\u00e1cteo)&#8221; price=&#8221;8.00 \u20ac&#8221; featured_txt=&#8221;NOVEDAD&#8221; title=&#8221;SOLOMILLO DE VACA GALLEGA 100gr&#8221; el_class=&#8221;starter&#8221;][vc_single_menu_item_has_filter dotted=&#8221;true&#8221; desc=&#8221;(huevo, cereales, frutos secos)&#8221; price=&#8221;15.00 \u20ac&#8221; title=&#8221;REVUELTO DE TANAS&#8221; el_class=&#8221;starter&#8221;][vc_single_menu_item_has_filter dotted=&#8221;true&#8221; desc=&#8221;CON CREMA DE BOLETUS Y QUESO<br \/>\n(l\u00e1cteos)&#8221; price=&#8221;5.50 \u20ac&#8221; title=&#8221;ESPARRAGOS TRIGUEROS A LA PLANCHA&#8221; el_class=&#8221;starter&#8221;][vc_single_menu_item_has_filter dotted=&#8221;true&#8221; desc=&#8221;(l\u00e1cteo y huevo)&#8221; price=&#8221;6.00 \u20ac&#8221; featured_txt=&#8221;NOVEDAD&#8221; title=&#8221;MINI REVUELTO DE GURUMELOS&#8221; el_class=&#8221;starter&#8221;][vc_single_menu_item_has_filter dotted=&#8221;true&#8221; desc=&#8221;CON CREMA DE QUESO<br \/>\n(l\u00e1cteo y pescado)&#8221; price=&#8221;5.50 \u20ac&#8221; title=&#8221;SARDINA EMBARRICADA&#8221; el_class=&#8221;starter&#8221;][vc_single_menu_item_has_filter dotted=&#8221;true&#8221; desc=&#8221;CON ALIOLI DE PIQUILLO<br \/>\n(l\u00e1cteo, cereales, pescado y huevo)&#8221; price=&#8221;5.50 \u20ac &#8211; 18.00 \u20ac&#8221; title=&#8221;TIRITAS DE VENTRESCA DE BACALAO&#8221; el_class=&#8221;starter&#8221;][vc_single_menu_item_has_filter dotted=&#8221;true&#8221; desc=&#8221;- BURRATA, TOMATE, WAKAME, SALMOREJO Y SARDINA AHUMADA &#8211;<br \/>\n(cereales, l\u00e1cteo, pescado y s\u00e9samo)&#8221; price=&#8221;6.50 \u20ac&#8221; title=&#8221;ENSALADA DE BURRATA&#8221; el_class=&#8221;starter&#8221;][vc_single_menu_item_has_filter dotted=&#8221;true&#8221; desc=&#8221;CON SALSA DE YOGUR<br \/>\n(cereales y l\u00e1cteos)&#8221; price=&#8221;5.50 \u20ac&#8221; title=&#8221;TACO DE ANGUS&#8221; el_class=&#8221;starter&#8221;][vc_single_menu_item_has_filter dotted=&#8221;true&#8221; desc=&#8221;(l\u00e1cteo y cereales)&#8221; price=&#8221;5.00 \u20ac&#8221; title=&#8221;SANDWICH CROCANTE&#8221; el_class=&#8221;starter&#8221;][vc_single_menu_item_has_filter dotted=&#8221;true&#8221; desc=&#8221;CON BONITO DEL NORTE<br \/>\n(sulfitos, huevo, l\u00e1cteo y pescado)&#8221; price=&#8221;4.80 \u20ac &#8211; 17.00 \u20ac&#8221; title=&#8221;ENSALADILLA&#8221; el_class=&#8221;starter&#8221;][vc_single_menu_item_has_filter dotted=&#8221;true&#8221; desc=&#8221;EMBUTIDO TIPICO DE LA LOCALIDAD &#8220;LA PUEBLA DE GUZMAN&#8220;<br \/>\n(l\u00e1cteo, sulfitos, mostaza y huevo)&#8221; price=&#8221;5.00 \u20ac&#8221; title=&#8221;TARTAR DE SALCHICHAS DE LA PUEBLA&#8221; el_class=&#8221;starter&#8221;][vc_single_menu_item_has_filter dotted=&#8221;true&#8221; desc=&#8221;AL AJO TOSTADO<br \/>\n(huevo, l\u00e1cteo)&#8221; price=&#8221;15.00 \u20ac&#8221; title=&#8221;TOSTA DE SOLOMILLO IBERICO&#8221; el_class=&#8221;starter&#8221;][vc_single_menu_item_has_filter dotted=&#8221;true&#8221; desc=&#8221;(cereales)&#8221; price=&#8221;4.50 \u20ac&#8221; title=&#8221;MONTADITO DE PRING\u00c1&#8221; el_class=&#8221;starter&#8221;][vc_single_menu_item_has_filter dotted=&#8221;true&#8221; desc=&#8221;CON PUR\u00c9 DE PATATA Y CHUTNEY DE FRUTAS (l\u00e1cteos, sulfitos)&#8221; price=&#8221;5.00 \u20ac&#8221; title=&#8221;LINGOTE DE CALDERETA DE VENADO&#8221; el_class=&#8221;desert&#8221;][vc_single_menu_item_has_filter dotted=&#8221;true&#8221; desc=&#8221;A BAJA TEMPERATURA<br \/>\n(sin al\u00e9rgenos)&#8221; price=&#8221;16.00 \u20ac&#8221; title=&#8221;SOLOMILLO DE CERDO IB\u00c9RICO&#8221; el_class=&#8221;desert&#8221;][vc_single_menu_item_has_filter dotted=&#8221;true&#8221; desc=&#8221;CON ENSALADA CREMOSA DE PEPINO<br \/>\n(pescado, l\u00e1cteos, huevo, cereales, soja, sulfitos, mostaza)&#8221; price=&#8221;5.50 \u20ac&#8221; featured_txt=&#8221;SUGERENCIA&#8221; featuredcolor=&#8221;red&#8221; title=&#8221;SANDWICH JAPONES DE ATUN&#8221; el_class=&#8221;dishes&#8221;][vc_single_menu_item_has_filter dotted=&#8221;true&#8221; desc=&#8221;(cereales, mostaza, s\u00e9samo, apio, soja y l\u00e1cteos)&#8221; price=&#8221;8.50 \u20ac&#8221; featured_txt=&#8221;SUGERENCIA&#8221; featuredcolor=&#8221;red&#8221; title=&#8221;HAMBURGUESA DE WAYGU&#8221; el_class=&#8221;desert&#8221;][vc_single_menu_item_has_filter dotted=&#8221;true&#8221; desc=&#8221;CON GUACAMOLE Y PI\u00d1A DESHIDRATADA<br \/>\n(cereales)&#8221; price=&#8221;7.00 \u20ac&#8221; title=&#8221;TOSTADA DE BACALAO&#8221; el_class=&#8221;starter&#8221;][vc_single_menu_item_has_filter dotted=&#8221;true&#8221; desc=&#8221;EN PAN BAO CON RAG\u00da DE SETAS Y CREMA DE QUESO<br \/>\n(leche, gluten)&#8221; price=&#8221;4.80 \u20ac&#8221; title=&#8221;PASTRAMI IB\u00c9RICO&#8221; el_class=&#8221;desert&#8221;][vc_single_menu_item_has_filter dotted=&#8221;true&#8221; desc=&#8221;(molusco, huevo, sulfito)&#8221; price=&#8221;6.00 \u20ac&#8221; title=&#8221;HUEVOS Y CREMA DE CARABINEROS&#8221; el_class=&#8221;starter&#8221;][vc_single_menu_item_has_filter dotted=&#8221;true&#8221; desc=&#8221;(leche)&#8221; price=&#8221;4.50 \u20ac&#8221; title=&#8221;AIRES ANDEVALE\u00d1OS&#8221; el_class=&#8221;starter&#8221;][vc_single_menu_item_has_filter dotted=&#8221;true&#8221; desc=&#8221;CON CREMA DE COCIDO<br \/>\n(huevo, gluten, leche, sulfito)&#8221; price=&#8221;4.00 \u20ac&#8221; title=&#8221;FALSO HELADO DE GURUMELOS&#8221; el_class=&#8221;starter&#8221;][vc_single_menu_item_has_filter dotted=&#8221;true&#8221; desc=&#8221;CON SALSA DE MAYONESA PICANTE<br \/>\n(huevo, gluten, leche)&#8221; price=&#8221;4.50 \u20ac &#8211; 16.00 \u20ac&#8221; title=&#8221;POLLO CRUJIENTE&#8221; el_class=&#8221;starter&#8221;][vc_single_menu_item_has_filter dotted=&#8221;true&#8221; desc=&#8221;CON ALIOLI SUAVE, REDUCCI\u00d3N DE PX Y SALSA VERDE<br \/>\n(huevo, gluten, leche, pescado)&#8221; price=&#8221;5.00 \u20ac &#8211; 18.00 \u20ac&#8221; title=&#8221;CHAMPI\u00d1ON RELLENO DE VENTRESCA&#8221; el_class=&#8221;starter&#8221;][vc_single_menu_item_has_filter dotted=&#8221;true&#8221; desc=&#8221;CON MERMELADA DE PIMIENTOS<br \/>\n(huevo, gluten, leche)&#8221; price=&#8221;5.50 \u20ac &#8211; 19.00 \u20ac&#8221; title=&#8221;QUESO DE CABRA FRITO&#8221; el_class=&#8221;starter&#8221;][vc_single_menu_item_has_filter dotted=&#8221;true&#8221; desc=&#8221;CON GELATINA DE VINO TINTO Y PAN DE HIGO<br \/>\n(leche, sulfitos)&#8221; price=&#8221;4.50 \u20ac &#8211; 16.00 \u20ac&#8221; title=&#8221;MILHOJA DE TRES QUESOS&#8221; el_class=&#8221;starter&#8221;][vc_single_menu_item_has_filter dotted=&#8221;true&#8221; desc=&#8221;CON SALSA DE HUEVOS FRITOS<br \/>\n(huevo, gluten, l\u00e1cteos)&#8221; price=&#8221;4.50 \u20ac &#8211; 16.00 \u20ac&#8221; title=&#8221;BOMBA DE PATATA&#8221; el_class=&#8221;starter&#8221;][vc_single_menu_item_has_filter dotted=&#8221;true&#8221; desc=&#8221;EN SALSA VERDE<br \/>\n(leche)&#8221; price=&#8221;4.80 \u20ac &#8211; 17.00 \u20ac&#8221; title=&#8221;JAM\u00d3N IB\u00c9RICO Y QUESO CURADO&#8221; el_class=&#8221;starter&#8221;][vc_single_menu_item_has_filter dotted=&#8221;true&#8221; desc=&#8221;CON CEBOLLITAS FRESCAS<br \/>\n(pescado)&#8221; price=&#8221;4.00 \u20ac &#8211; 15.00 \u20ac&#8221; title=&#8221;PICADILLO DE CULANTRO&#8221; el_class=&#8221;starter&#8221;][vc_single_menu_item_has_filter dotted=&#8221;true&#8221; desc=&#8221;CON BACON Y MOZZARELLA<br \/>\n(leche)&#8221; price=&#8221;4.80 \u20ac &#8211; 17.00 \u20ac&#8221; title=&#8221;PASTEL DE BEREJENAS Y CALABAC\u00cdN&#8221; el_class=&#8221;starter&#8221;][vc_single_menu_item_has_filter dotted=&#8221;true&#8221; desc=&#8221;DE PUCHERO<br \/>\n(huevo, leche, gluten, frutos secos)&#8221; price=&#8221;4.00 \u20ac &#8211; 15.00 \u20ac&#8221; title=&#8221;CROQUETAS CASERAS&#8221; el_class=&#8221;starter&#8221;][vc_single_menu_item_has_filter dotted=&#8221;true&#8221; desc=&#8221;DE SALMOREJO CORDOB\u00c9S<br \/>\n(huevo, leche, gluten)&#8221; price=&#8221;4.00 \u20ac &#8211; 15.00 \u20ac&#8221; title=&#8221;CROQUETAS RELLENAS&#8221; el_class=&#8221;starter&#8221;][vc_single_menu_item_has_filter dotted=&#8221;true&#8221; desc=&#8221;CON AOVE Y ALMENDRAS<br \/>\n(pescado, frutos secos)&#8221; price=&#8221;4.50 \u20ac &#8211; 16.00 \u20ac&#8221; title=&#8221;MOJAMA DE ISLA CRISTINA&#8221; el_class=&#8221;starter&#8221;][vc_single_menu_item_has_filter dotted=&#8221;true&#8221; desc=&#8221;CON GUARNICI\u00d3N&#8221; price=&#8221;5.50 \u20ac&#8221; title=&#8221;FILETE DE POLLO&#8221; el_class=&#8221;starter&#8221;][vc_single_menu_item_has_filter dotted=&#8221;true&#8221; desc=&#8221;CON HELADO DE AOVE<br \/>\n(cereales con gluten)&#8221; price=&#8221;4.50 \u20ac&#8221; title=&#8221;CUENCO DE SALMOREJO CORDOB\u00c9S&#8221; el_class=&#8221;starter&#8221;][vc_single_menu_item_has_filter dotted=&#8221;true&#8221; desc=&#8221;CON HUEVO DE CODORNIZ Y JAMON<br \/>\n(huevo, gluten, leche, sulfito)&#8221; price=&#8221;5.00 \u20ac&#8221; title=&#8221;TOSTADA DE PATE DE GURUMELOS&#8221; el_class=&#8221;starter&#8221;][vc_single_menu_item_has_filter dotted=&#8221;true&#8221; desc=&#8221;CON HUEVOS DE CODORNIZ Y JAMON<br \/>\n(huevo, gluten)&#8221; price=&#8221;8.00 \u20ac&#8221; title=&#8221;TOSTADA DE SALMOREJO&#8221; el_class=&#8221;starter&#8221;][vc_single_menu_item_has_filter dotted=&#8221;true&#8221; desc=&#8221;CON BACALAO O CON JAM\u00d3N O CON SALM\u00d3N<br \/>\n(gluten, pescado)&#8221; price=&#8221;7.00 \u20ac&#8221; title=&#8221;TOSTADA DE SALMOREJO&#8221; el_class=&#8221;starter&#8221;][vc_single_menu_item_has_filter dotted=&#8221;true&#8221; desc=&#8221;CON NUECES Y MIEL<br \/>\n(gluten, leche, frutos secos)&#8221; price=&#8221;7.00 \u20ac&#8221; title=&#8221;TOSTADA DE TORTA DE LA SERENA&#8221; el_class=&#8221;starter&#8221;][vc_single_menu_item_has_filter dotted=&#8221;true&#8221; desc=&#8221;A BAJA TEMPERATURA AL AJILLO<br \/>\n(pescado)&#8221; price=&#8221;5.00 \u20ac &#8211; 16.00 \u20ac&#8221; title=&#8221;AT\u00daN ROJO&#8221; el_class=&#8221;dishes&#8221;][vc_single_menu_item_has_filter dotted=&#8221;true&#8221; desc=&#8221;CON MAYONESA TERIYAKI<br \/>\n(pescado, gluten, soja, s\u00e9samo, huevo)&#8221; price=&#8221;5.50 \u20ac&#8221; title=&#8221;TATAKI DE AT\u00daN ROJO&#8221; el_class=&#8221;dishes&#8221;][vc_single_menu_item_has_filter dotted=&#8221;true&#8221; desc=&#8221;CON ARROZ PILAF<br \/>\n(crust\u00e1ceo, frutos secos)&#8221; price=&#8221;4.80 \u20ac&#8221; title=&#8221;LANGOSTINOS AL CURRY&#8221; el_class=&#8221;dishes&#8221;][vc_single_menu_item_has_filter dotted=&#8221;true&#8221; desc=&#8221;CON SALSA ALI-OLI<br \/>\n(leche, molusco)&#8221; price=&#8221;4.50 \u20ac &#8211; 16.00 \u20ac&#8221; title=&#8221;TIRAS DE CHOCO A LA PLANCHA&#8221; el_class=&#8221;dishes&#8221;][vc_single_menu_item_has_filter dotted=&#8221;true&#8221; desc=&#8221;CON GUARNICI\u00d3N DE PIMIENTOS ASADOS<br \/>\n(gluten, pescado, sulfito)&#8221; price=&#8221;5.00 \u20ac &#8211; 17.00 \u20ac&#8221; title=&#8221;BACALAO A LA TRANCA&#8221; el_class=&#8221;dishes&#8221;][vc_single_menu_item_has_filter dotted=&#8221;true&#8221; desc=&#8221;CON SALSA HOLANDESA<br \/>\n(huevo, gluten, leche, pescado, crust\u00e1ceo)&#8221; price=&#8221;6.50 \u20ac&#8221; title=&#8221;SAN JACOBO DE MERLUZA&#8221; el_class=&#8221;dishes&#8221;][vc_single_menu_item_has_filter dotted=&#8221;true&#8221; desc=&#8221;EN SALSA VERDE<br \/>\n(molusco)&#8221; price=&#8221;5.00 \u20ac &#8211; 18.00 \u20ac&#8221; title=&#8221;CHIPIRONES A LA PLANCHA&#8221; el_class=&#8221;dishes&#8221;][vc_single_menu_item_has_filter dotted=&#8221;true&#8221; desc=&#8221;(huevo, pescado)&#8221; price=&#8221;10.00 \u20ac&#8221; title=&#8221;REVUELTO DE MIGAS DE BACALAO&#8221; el_class=&#8221;dishes&#8221;][vc_single_menu_item_has_filter dotted=&#8221;true&#8221; desc=&#8221;AL AJILLO<br \/>\n(crust\u00e1ceo)&#8221; price=&#8221;13.00 \u20ac&#8221; title=&#8221;COLAS DE GAMBAS&#8221; el_class=&#8221;dishes&#8221;][vc_single_menu_item_has_filter dotted=&#8221;true&#8221; desc=&#8221;(gluten, molusco)&#8221; price=&#8221;12.00 \u20ac&#8221; title=&#8221;CHOCOS FRITOS DE HUELVA&#8221; el_class=&#8221;dishes&#8221;][vc_single_menu_item_has_filter dotted=&#8221;true&#8221; desc=&#8221;EN PAN R\u00daSTICO<br \/>\n(gluten)&#8221; price=&#8221;8.00 \u20ac&#8221; title=&#8221;BURGUER DE NOVILLA&#8221; el_class=&#8221;desert&#8221;][vc_single_menu_item_has_filter dotted=&#8221;true&#8221; desc=&#8221;CON SALSA DE MANZANILLA Y ESPUMA DE HIERBABUENA<br \/>\n(gluten, huevo, leche, sulfito)&#8221; price=&#8221;4.00 \u20ac &#8211; 15.00 \u20ac&#8221; title=&#8221;CROQUETAS DE JAM\u00d3N&#8221; el_class=&#8221;desert&#8221;][vc_single_menu_item_has_filter dotted=&#8221;true&#8221; desc=&#8221;CON PIMIENTOS CONFITADOS Y SALSA CABRALES<br \/>\n(gluten, huevo, leche)&#8221; price=&#8221;8.00 \u20ac&#8221; title=&#8221;CACHOPO ASTURIANO&#8221; el_class=&#8221;desert&#8221;][vc_single_menu_item_has_filter dotted=&#8221;true&#8221; desc=&#8221;CON TORTA DE IN\u00c9S ROSALES Y SALSA DE FRESAS<br \/>\n(huevo, sulfito)&#8221; price=&#8221;4.80 \u20ac &#8211; 17.00 \u20ac&#8221; title=&#8221;FLAMENQU\u00cdN DE CARRILLERA&#8221; el_class=&#8221;desert&#8221;][vc_single_menu_item_has_filter dotted=&#8221;true&#8221; desc=&#8221;EN SALSA DE ROMERO<br \/>\n(sulfito)&#8221; price=&#8221;4.80 \u20ac &#8211; 17.00 \u20ac&#8221; title=&#8221;CARRILLERA DE IB\u00c9RICO AL OLOROSO&#8221; el_class=&#8221;desert&#8221;][vc_single_menu_item_has_filter dotted=&#8221;true&#8221; desc=&#8221;CON MOUSSE DE FOIE, QUESO DE CABRA Y CEBOLLA CARAMELIZADA<br \/>\n(leche)&#8221; price=&#8221;4.80 \u20ac &#8211; 17.00 \u20ac&#8221; title=&#8221;SOLOMILLO DE CERDO&#8221; el_class=&#8221;desert&#8221;][vc_single_menu_item_has_filter dotted=&#8221;true&#8221; desc=&#8221;AL ROQUEFORT<br \/>\n(leche)&#8221; price=&#8221;4.80 \u20ac &#8211; 17.00 \u20ac&#8221; title=&#8221;SOLOMILLO DE CERDO&#8221; el_class=&#8221;desert&#8221;][vc_single_menu_item_has_filter dotted=&#8221;true&#8221; desc=&#8221;CON PIQUILLO A LA PLANCHA Y SALSA DE BRANDY<br \/>\n(sulfito)&#8221; price=&#8221;4.80 \u20ac &#8211; 17.00 \u20ac&#8221; title=&#8221;LAGARTO DE CERDO IB\u00c9RICO&#8221; el_class=&#8221;desert&#8221;][vc_single_menu_item_has_filter dotted=&#8221;true&#8221; desc=&#8221;RELLENA DE CAMEMBERT<br \/>\n(gluten, leche)&#8221; price=&#8221;4.50 \u20ac&#8221; title=&#8221;MINI HAMBURGUESA DE CERDO&#8221; el_class=&#8221;desert&#8221;][vc_single_menu_item_has_filter dotted=&#8221;true&#8221; desc=&#8221;A NUESTRO ESTILO<br \/>\n(gluten, huevo, leche)&#8221; price=&#8221;6.50 \u20ac&#8221; title=&#8221;FLAMENQU\u00cdN CORDOB\u00c9S&#8221; el_class=&#8221;desert&#8221;][vc_single_menu_item_has_filter dotted=&#8221;true&#8221; desc=&#8221;CON PATATAS<br \/>\n(gluten, huevo, leche)&#8221; price=&#8221;7.50 \u20ac&#8221; title=&#8221;SANJACOBO DE IB\u00c9RICO&#8221; el_class=&#8221;desert&#8221;][vc_single_menu_item_has_filter dotted=&#8221;true&#8221; desc=&#8221;A NUESTRO ESTILO<br \/>\n(huevo)&#8221; price=&#8221;10.00 \u20ac&#8221; title=&#8221;ESCOMBRO DE CHACINA IB\u00c9RICA&#8221; el_class=&#8221;desert&#8221;][vc_single_menu_item_has_filter dotted=&#8221;true&#8221; desc=&#8221;CON PATATAS Y HUEVOS FRITOS<br \/>\n(huevo)&#8221; price=&#8221;6.50 \u20ac&#8221; title=&#8221;PINCHITO IB\u00c9RICO&#8221; el_class=&#8221;desert&#8221;][vc_single_menu_item_has_filter dotted=&#8221;true&#8221; desc=&#8221;CON PATATAS<br \/>\n(huevo)&#8221; price=&#8221;10.00 \u20ac&#8221; title=&#8221;REVUELTO DE CHORIZO&#8221; el_class=&#8221;desert&#8221;][vc_single_menu_item_has_filter dotted=&#8221;true&#8221; desc=&#8221;A LA PLANCHA&#8221; price=&#8221;17.00 \u20ac&#8221; title=&#8221;CASTA\u00d1UELAS DE CERDO IB\u00c9RICO&#8221; el_class=&#8221;desert&#8221;][vc_single_menu_item_has_filter dotted=&#8221;true&#8221; desc=&#8221;A LA PLANCHA CON MOJO PIC\u00d3N&#8221; price=&#8221;18.00 \u20ac&#8221; title=&#8221;PRESA DE PALETA&#8221; el_class=&#8221;desert&#8221;][vc_single_menu_item_has_filter dotted=&#8221;true&#8221; desc=&#8221;A LA PLANCHA CON PATATAS&#8221; price=&#8221;16.00 \u20ac&#8221; title=&#8221;SECRETO IB\u00c9RICO&#8221; el_class=&#8221;desert&#8221;][vc_single_menu_item_has_filter dotted=&#8221;true&#8221; desc=&#8221;CON PATATAS FRITAS<br \/>\n(huevo, gluten, leche, frutos secos)&#8221; price=&#8221;4.00 \u20ac&#8221; featured_txt=&#8221;NI\u00d1OS&#8221; title=&#8221;CROQUETAS DE PUCHERO&#8221; el_class=&#8221;drinks&#8221;][vc_single_menu_item_has_filter dotted=&#8221;true&#8221; desc=&#8221;CON SALSA DE ROQUEFORT O A LA CARBONARA<br \/>\n(huevo, gluten, leche)&#8221; price=&#8221;4.00 \u20ac&#8221; featured_txt=&#8221;NI\u00d1OS&#8221; title=&#8221;ESPAGUETIS&#8221; el_class=&#8221;drinks&#8221;][vc_single_menu_item_has_filter dotted=&#8221;true&#8221; desc=&#8221;CON PATATAS FRITAS<br \/>\n(huevo)&#8221; price=&#8221;4.00 \u20ac&#8221; featured_txt=&#8221;NI\u00d1OS&#8221; title=&#8221;HUEVOS Y JAM\u00d3N&#8221; el_class=&#8221;drinks&#8221;][vc_single_menu_item_has_filter dotted=&#8221;true&#8221; desc=&#8221;CON PATATAS FRITAS<br \/>\n(huevo)&#8221; price=&#8221;4.00 \u20ac&#8221; featured_txt=&#8221;NI\u00d1OS&#8221; title=&#8221;HUEVO Y LOMO DE CERDO&#8221; el_class=&#8221;drinks&#8221;][vc_single_menu_item_has_filter dotted=&#8221;true&#8221; desc=&#8221;CON SALSA DE TOMATE<br \/>\n(huevo, gluten)&#8221; price=&#8221;4.00 \u20ac&#8221; featured_txt=&#8221;NI\u00d1OS&#8221; title=&#8221;MACARRONES&#8221; el_class=&#8221;drinks&#8221;][vc_single_menu_item_has_filter dotted=&#8221;true&#8221; desc=&#8221;(huevo)&#8221; price=&#8221;3.50 \u20ac&#8221; featured_txt=&#8221;NI\u00d1OS&#8221; title=&#8221;REVUELTO DE PATATAS&#8221; el_class=&#8221;drinks&#8221;][\/vc_menu_filter_container][\/vc_column][\/vc_row]<\/p>\n<\/div>","protected":false},"excerpt":{"rendered":"<p>[vc_row][vc_column][vc_add_heading icon_type=&#8221;iconmoon&#8221; icon=&#8221;icon-dinner&#8221; subtitle=&#8221;PREGUNTEN POR LA TAPA DEL D\u00cdA&#8221;][\/vc_column][\/vc_row][vc_row][vc_column][vc_menu_filter_container cats_title=&#8221;El Llano,El Mar,La Tierra,Ni\u00f1os&#8221; show_all_text=&#8221;Todo&#8221;][vc_single_menu_item_has_filter dotted=&#8221;true&#8221; desc=&#8221;Y VINO DE NARANJA (sulfitos)&#8221; price=&#8221;8.50 \u20ac&#8221; featured_txt=&#8221;SUGERENCIA&#8221; featuredcolor=&#8221;red&#8221; title=&#8221;ARROZ CON SORPRESA IBERICA&#8221; el_class=&#8221;starter&#8221;][vc_single_menu_item_has_filter dotted=&#8221;true&#8221; desc=&#8221;CON GAMBONES, CHOCO Y ALIOLI DE MANGO (sulfitos, pescado, crust\u00e1ceos, moluscos, frutos secos)&#8221; price=&#8221;8.50 \u20ac&#8221; featured_txt=&#8221;SUGERENCIA&#8221; featuredcolor=&#8221;red&#8221; title=&#8221;ARROZ NEGRO VENERE&#8221; el_class=&#8221;starter&#8221;][vc_single_menu_item_has_filter dotted=&#8221;true&#8221; desc=&#8221;(sulfitos, cereales)&#8221; price=&#8221;5.00 \u20ac&#8221; featured_txt=&#8221;NOVEDAD&#8221; title=&#8221;ALBONDIGAS CASERAS IB\u00c9RICAS&#8221; el_class=&#8221;starter&#8221;][vc_single_menu_item_has_filter dotted=&#8221;true&#8221; desc=&#8221;CON QUESO DE TETILLA, LONGANIZA Y PAPADA IB\u00c9RICA (sulfitos, l\u00e1cteo, cereales)&#8221; price=&#8221;6.00 \u20ac&#8221;&#8230;<\/p>\n","protected":false},"author":1,"featured_media":0,"parent":0,"menu_order":0,"comment_status":"closed","ping_status":"closed","template":"redux-templates_contained","meta":{"footnotes":""},"class_list":["post-3814","page","type-page","status-publish","hentry"],"_links":{"self":[{"href":"https:\/\/elcerrojotapas.es\/index.php\/wp-json\/wp\/v2\/pages\/3814","targetHints":{"allow":["GET"]}}],"collection":[{"href":"https:\/\/elcerrojotapas.es\/index.php\/wp-json\/wp\/v2\/pages"}],"about":[{"href":"https:\/\/elcerrojotapas.es\/index.php\/wp-json\/wp\/v2\/types\/page"}],"author":[{"embeddable":true,"href":"https:\/\/elcerrojotapas.es\/index.php\/wp-json\/wp\/v2\/users\/1"}],"replies":[{"embeddable":true,"href":"https:\/\/elcerrojotapas.es\/index.php\/wp-json\/wp\/v2\/comments?post=3814"}],"version-history":[{"count":368,"href":"https:\/\/elcerrojotapas.es\/index.php\/wp-json\/wp\/v2\/pages\/3814\/revisions"}],"predecessor-version":[{"id":12502,"href":"https:\/\/elcerrojotapas.es\/index.php\/wp-json\/wp\/v2\/pages\/3814\/revisions\/12502"}],"wp:attachment":[{"href":"https:\/\/elcerrojotapas.es\/index.php\/wp-json\/wp\/v2\/media?parent=3814"}],"curies":[{"name":"wp","href":"https:\/\/api.w.org\/{rel}","templated":true}]}}